{"id":423,"date":"2025-11-26T19:17:41","date_gmt":"2025-11-26T22:17:41","guid":{"rendered":"https:\/\/kn.org.br\/en\/?page_id=423"},"modified":"2025-11-26T19:26:56","modified_gmt":"2025-11-26T22:26:56","slug":"legal-advisory","status":"publish","type":"page","link":"https:\/\/koinonia.org.br\/en\/legal-advisory\/","title":{"rendered":"Legal Advisory"},"content":{"rendered":"\t\t<div data-elementor-type=\"wp-page\" data-elementor-id=\"423\" class=\"elementor elementor-423\">\n\t\t\t\t\t\t<section class=\"elementor-section elementor-top-section elementor-element elementor-element-10716b6 elementor-section-boxed elementor-section-height-default elementor-section-height-default\" data-id=\"10716b6\" data-element_type=\"section\" data-e-type=\"section\">\n\t\t\t\t\t\t<div class=\"elementor-container elementor-column-gap-default\">\n\t\t\t\t\t<div class=\"aux-parallax-section elementor-column elementor-col-100 elementor-top-column elementor-element elementor-element-03b4ffe\" data-id=\"03b4ffe\" data-element_type=\"column\" data-e-type=\"column\">\n\t\t\t<div class=\"elementor-widget-wrap elementor-element-populated\">\n\t\t\t\t\t\t<div class=\"elementor-element elementor-element-8fc9633 elementor-widget elementor-widget-text-editor\" data-id=\"8fc9633\" data-element_type=\"widget\" data-e-type=\"widget\" data-widget_type=\"text-editor.default\">\n\t\t\t\t<div class=\"elementor-widget-container\">\n\t\t\t\t\t\t\t\t\t<p>Considering the profound social-political inequality in Brazil, especially between Afro-Brazilian communities and the rest of the population, KOINONIA supports these communities on the affirmation of Human Rights \u2013 civil and political, economic, social, cultural and environmental. Strengthening this collective cause at times go through the legal and administrative route. Therefore, KOINONIA provides services in the legal area.<\/p><p>How? By always prioritizing the collective demands, not private ones, KOINONIA provides legal advisory free of charge (service and guidance) in cases of religious intolerance\/religious racism and helps in the legal regularization of places of worship (<i>terreiros<\/i>) and non-profit associations from traditional Black communities. Any case that needs legal support will be assessed concerning its collective impact \u2013 in some cases, it may be individual, but under no circumstances can exclusively private causes receive advisory.<\/p><p><!-- \/wp:paragraph --><\/p>\t\t\t\t\t\t\t\t<\/div>\n\t\t\t\t<\/div>\n\t\t\t\t<div class=\"elementor-element elementor-element-552413b elementor-widget elementor-widget-heading\" data-id=\"552413b\" data-element_type=\"widget\" data-e-type=\"widget\" data-widget_type=\"heading.default\">\n\t\t\t\t<div class=\"elementor-widget-container\">\n\t\t\t\t\t<h5 class=\"elementor-heading-title elementor-size-default\">Services provided for constitution and\/or legal regularization:<\/h5>\t\t\t\t<\/div>\n\t\t\t\t<\/div>\n\t\t\t\t<div class=\"elementor-element elementor-element-ad8e52e elementor-widget elementor-widget-text-editor\" data-id=\"ad8e52e\" data-element_type=\"widget\" data-e-type=\"widget\" data-widget_type=\"text-editor.default\">\n\t\t\t\t<div class=\"elementor-widget-container\">\n\t\t\t\t\t\t\t\t\t<ul><ul><li>Advisory in the development and\/or review of acts constituting Terreiro Associations or Quilombo Remainder Communities and Religious Terreiro Organizations;<\/li><\/ul><\/ul><ul><ul><li>Update of Bylaws according to the Civil Code and Law number 13.019\/2014 (MROSC);<\/li><\/ul><\/ul><ul><ul><li>Initial (signature) from attorney in documents for registration in notary\u2019s office;<\/li><\/ul><\/ul><ul><ul><li>Mediation with the notary\u2019s office for Registration of Legal Entities to address disputes concerning the content of documents submitted to registration;<\/li><\/ul><\/ul>\t\t\t\t\t\t\t\t<\/div>\n\t\t\t\t<\/div>\n\t\t\t\t<div class=\"elementor-element elementor-element-3a77f98 elementor-widget elementor-widget-text-editor\" data-id=\"3a77f98\" data-element_type=\"widget\" data-e-type=\"widget\" data-widget_type=\"text-editor.default\">\n\t\t\t\t<div class=\"elementor-widget-container\">\n\t\t\t\t\t\t\t\t\t<p><!-- \/wp:paragraph --><\/p><p><!-- wp:list --><\/p><ul><ul><!-- wp:list-item --><\/ul><\/ul><p><!-- \/wp:list-item --><\/p><p><!-- \/wp:list --><\/p><p><!-- wp:paragraph --><\/p><p><em><strong>Attention<\/strong>: The advised religious association and\/or organization is responsible for any payment of fees, notary fees, taxes, and any sums necessary for conducting the regularization or process.<\/em><\/p><p><!-- \/wp:paragraph --><\/p>\t\t\t\t\t\t\t\t<\/div>\n\t\t\t\t<\/div>\n\t\t\t\t<div class=\"elementor-element elementor-element-b132f24 elementor-widget elementor-widget-heading\" data-id=\"b132f24\" data-element_type=\"widget\" data-e-type=\"widget\" data-widget_type=\"heading.default\">\n\t\t\t\t<div class=\"elementor-widget-container\">\n\t\t\t\t\t<h5 class=\"elementor-heading-title elementor-size-default\">Services provided in the fight against Religious Intolerance\/Religious Racism:<\/h5>\t\t\t\t<\/div>\n\t\t\t\t<\/div>\n\t\t\t\t<div class=\"elementor-element elementor-element-6da3d7c elementor-widget elementor-widget-text-editor\" data-id=\"6da3d7c\" data-element_type=\"widget\" data-e-type=\"widget\" data-widget_type=\"text-editor.default\">\n\t\t\t\t<div class=\"elementor-widget-container\">\n\t\t\t\t\t\t\t\t\t<ul><ul><li>Aid\/sheltering to the victim;<\/li><\/ul><\/ul><ul><ul><li>Accompanying to police station, when possible and necessary;<\/li><\/ul><\/ul><ul><ul><li>Elaboration of complaint to the Prosecution Office;<\/li><\/ul><\/ul><ul><ul><li>Accompanying on audiences and monitoring of complaints;<\/li><\/ul><\/ul>\t\t\t\t\t\t\t\t<\/div>\n\t\t\t\t<\/div>\n\t\t\t\t<div class=\"elementor-element elementor-element-94810e9 elementor-widget elementor-widget-heading\" data-id=\"94810e9\" data-element_type=\"widget\" data-e-type=\"widget\" data-widget_type=\"heading.default\">\n\t\t\t\t<div class=\"elementor-widget-container\">\n\t\t\t\t\t<h5 class=\"elementor-heading-title elementor-size-default\">Services provided in the area of popular legal education (Qualification on Rights):<\/h5>\t\t\t\t<\/div>\n\t\t\t\t<\/div>\n\t\t\t\t<div class=\"elementor-element elementor-element-b350229 elementor-widget elementor-widget-text-editor\" data-id=\"b350229\" data-element_type=\"widget\" data-e-type=\"widget\" data-widget_type=\"text-editor.default\">\n\t\t\t\t<div class=\"elementor-widget-container\">\n\t\t\t\t\t\t\t\t\t<ul><ul><li>Workshop about Associationism;<\/li><\/ul><\/ul><ul><ul><li>Workshop about Cooperative Work;<\/li><\/ul><\/ul><ul><ul><li>Workshop about Development of Bylaws;<\/li><\/ul><\/ul><ul><ul><li>Workshop about Ownership of Quilombola Lands (understanding of steps);<\/li><\/ul><\/ul><ul><ul><li>Conversation circle with instrumentalization of attendees about how to defend themselves from Religious Intolerance;<\/li><\/ul><\/ul><ul><ul><li>Formative meetings about Right to Territory, Ecumenism and Inter-Religious Dialogue, Fight against Racism and Religious Intolerance, and others related to the defense of Human Rights according to demands from terreiro peoples and quilombola communities.<\/li><\/ul><\/ul>\t\t\t\t\t\t\t\t<\/div>\n\t\t\t\t<\/div>\n\t\t\t\t<div class=\"elementor-element elementor-element-e073898 elementor-widget elementor-widget-text-editor\" data-id=\"e073898\" data-element_type=\"widget\" data-e-type=\"widget\" data-widget_type=\"text-editor.default\">\n\t\t\t\t<div class=\"elementor-widget-container\">\n\t\t\t\t\t\t\t\t\t<p><!-- \/wp:paragraph --><\/p><p><!-- wp:list --><\/p><ul><ul><!-- wp:list-item --><\/ul><\/ul><p><!-- \/wp:list-item --><\/p><p><!-- \/wp:list --><\/p><p><!-- wp:paragraph --><\/p><p><!-- \/wp:paragraph --><\/p><p><!-- wp:list --><\/p><ul><ul><!-- wp:list-item --><\/ul><\/ul><ul><ul><\/ul><\/ul><p><strong>ATTENTION<\/strong><\/p><p>The services will be provided in two modes:<\/p><p>IN-PERSON: on Mondays, from 2 PM to 6 PM,<span>\u00a0<\/span><strong>by order of arrival<\/strong>, at the KOINONIA office.<\/p><p>VIRTUAL: by scheduling via phone number (+5571) 99271-9699 on the other days of the week, at a time to be set.<\/p><p>Virtual services will be prioritized for people who are not in the city of Salvador and may be provided via e-mail:<span>\u00a0<\/span><a href=\"mailto:camilachagas@koinonia.org.br\">camilachagas@koinonia.org.br<\/a><span>\u00a0<\/span>or<span>\u00a0<\/span><a href=\"mailto:koinonia@koinonia.org.br\">koinonia@koinonia.org.br<\/a>, or also through videocall (link sent beforehand to the assisted person after scheduling)<\/p><p><strong>No services will be provided via WhatsApp or Instagram<\/strong><\/p><p><strong>KOINONIA does not work on lawsuits<\/strong><\/p><p>If the assisted person does not show up on the scheduled day, their service will be suspended for 30 days and they shall wait for the next available date at the end of the waiting line.<\/p><p><!-- \/wp:paragraph --><\/p>\t\t\t\t\t\t\t\t<\/div>\n\t\t\t\t<\/div>\n\t\t\t\t\t<\/div>\n\t\t<\/div>\n\t\t\t\t\t<\/div>\n\t\t<\/section>\n\t\t\t\t<\/div>\n\t\t","protected":false},"excerpt":{"rendered":"<p>Considering the profound social-political inequality in Brazil, especially between Afro-Brazilian communities and the rest of the population, KOINONIA supports these communities on the affirmation of Human Rights \u2013 civil and [&hellip;]<\/p>\n","protected":false},"author":4,"featured_media":0,"parent":0,"menu_order":0,"comment_status":"closed","ping_status":"closed","template":"","meta":{"_acf_changed":false,"_monsterinsights_skip_tracking":false,"_monsterinsights_sitenote_active":false,"_monsterinsights_sitenote_note":"","_monsterinsights_sitenote_category":0,"footnotes":""},"class_list":["post-423","page","type-page","status-publish","hentry"],"acf":[],"yoast_head":"<!-- This site is optimized with the Yoast SEO plugin v27.4 - https:\/\/yoast.com\/product\/yoast-seo-wordpress\/ -->\n<title>Legal Advisory - KOINONIA - EN<\/title>\n<meta name=\"robots\" content=\"index, follow, max-snippet:-1, max-image-preview:large, max-video-preview:-1\" \/>\n<link rel=\"canonical\" href=\"https:\/\/koinonia.org.br\/en\/legal-advisory\/\" \/>\n<meta property=\"og:locale\" content=\"en_US\" \/>\n<meta property=\"og:type\" content=\"article\" \/>\n<meta property=\"og:title\" content=\"Legal Advisory - KOINONIA - EN\" \/>\n<meta property=\"og:description\" content=\"Considering the profound social-political inequality in Brazil, especially between Afro-Brazilian communities and the rest of the population, KOINONIA supports these communities on the affirmation of Human Rights \u2013 civil and [&hellip;]\" \/>\n<meta property=\"og:url\" content=\"https:\/\/koinonia.org.br\/en\/legal-advisory\/\" \/>\n<meta property=\"og:site_name\" content=\"KOINONIA - EN\" \/>\n<meta property=\"article:modified_time\" content=\"2025-11-26T22:26:56+00:00\" \/>\n<meta name=\"twitter:card\" content=\"summary_large_image\" \/>\n<meta name=\"twitter:label1\" content=\"Est. reading time\" \/>\n\t<meta name=\"twitter:data1\" content=\"3 minutes\" \/>\n<script type=\"application\/ld+json\" class=\"yoast-schema-graph\">{\"@context\":\"https:\\\/\\\/schema.org\",\"@graph\":[{\"@type\":\"WebPage\",\"@id\":\"https:\\\/\\\/koinonia.org.br\\\/en\\\/legal-advisory\\\/\",\"url\":\"https:\\\/\\\/koinonia.org.br\\\/en\\\/legal-advisory\\\/\",\"name\":\"Legal Advisory - KOINONIA - EN\",\"isPartOf\":{\"@id\":\"https:\\\/\\\/koinonia.org.br\\\/en\\\/#website\"},\"datePublished\":\"2025-11-26T22:17:41+00:00\",\"dateModified\":\"2025-11-26T22:26:56+00:00\",\"breadcrumb\":{\"@id\":\"https:\\\/\\\/koinonia.org.br\\\/en\\\/legal-advisory\\\/#breadcrumb\"},\"inLanguage\":\"en-US\",\"potentialAction\":[{\"@type\":\"ReadAction\",\"target\":[\"https:\\\/\\\/koinonia.org.br\\\/en\\\/legal-advisory\\\/\"]}]},{\"@type\":\"BreadcrumbList\",\"@id\":\"https:\\\/\\\/koinonia.org.br\\\/en\\\/legal-advisory\\\/#breadcrumb\",\"itemListElement\":[{\"@type\":\"ListItem\",\"position\":1,\"name\":\"Home\",\"item\":\"https:\\\/\\\/koinonia.org.br\\\/en\\\/\"},{\"@type\":\"ListItem\",\"position\":2,\"name\":\"Legal Advisory\"}]},{\"@type\":\"WebSite\",\"@id\":\"https:\\\/\\\/koinonia.org.br\\\/en\\\/#website\",\"url\":\"https:\\\/\\\/koinonia.org.br\\\/en\\\/\",\"name\":\"KOINONIA - EN\",\"description\":\"Presen\u00e7a Ecum\u00eanica e Servi\u00e7o\",\"publisher\":{\"@id\":\"https:\\\/\\\/koinonia.org.br\\\/en\\\/#organization\"},\"potentialAction\":[{\"@type\":\"SearchAction\",\"target\":{\"@type\":\"EntryPoint\",\"urlTemplate\":\"https:\\\/\\\/koinonia.org.br\\\/en\\\/?s={search_term_string}\"},\"query-input\":{\"@type\":\"PropertyValueSpecification\",\"valueRequired\":true,\"valueName\":\"search_term_string\"}}],\"inLanguage\":\"en-US\"},{\"@type\":\"Organization\",\"@id\":\"https:\\\/\\\/koinonia.org.br\\\/en\\\/#organization\",\"name\":\"KOINONIA - EN\",\"url\":\"https:\\\/\\\/koinonia.org.br\\\/en\\\/\",\"logo\":{\"@type\":\"ImageObject\",\"inLanguage\":\"en-US\",\"@id\":\"https:\\\/\\\/koinonia.org.br\\\/en\\\/#\\\/schema\\\/logo\\\/image\\\/\",\"url\":\"https:\\\/\\\/koinonia.org.br\\\/en\\\/wp-content\\\/uploads\\\/sites\\\/3\\\/2024\\\/03\\\/koinonia_logo-kn-1-2.png\",\"contentUrl\":\"https:\\\/\\\/koinonia.org.br\\\/en\\\/wp-content\\\/uploads\\\/sites\\\/3\\\/2024\\\/03\\\/koinonia_logo-kn-1-2.png\",\"width\":270,\"height\":88,\"caption\":\"KOINONIA - EN\"},\"image\":{\"@id\":\"https:\\\/\\\/koinonia.org.br\\\/en\\\/#\\\/schema\\\/logo\\\/image\\\/\"}}]}<\/script>\n<!-- \/ Yoast SEO plugin. -->","yoast_head_json":{"title":"Legal Advisory - KOINONIA - EN","robots":{"index":"index","follow":"follow","max-snippet":"max-snippet:-1","max-image-preview":"max-image-preview:large","max-video-preview":"max-video-preview:-1"},"canonical":"https:\/\/koinonia.org.br\/en\/legal-advisory\/","og_locale":"en_US","og_type":"article","og_title":"Legal Advisory - KOINONIA - EN","og_description":"Considering the profound social-political inequality in Brazil, especially between Afro-Brazilian communities and the rest of the population, KOINONIA supports these communities on the affirmation of Human Rights \u2013 civil and [&hellip;]","og_url":"https:\/\/koinonia.org.br\/en\/legal-advisory\/","og_site_name":"KOINONIA - EN","article_modified_time":"2025-11-26T22:26:56+00:00","twitter_card":"summary_large_image","twitter_misc":{"Est. reading time":"3 minutes"},"schema":{"@context":"https:\/\/schema.org","@graph":[{"@type":"WebPage","@id":"https:\/\/koinonia.org.br\/en\/legal-advisory\/","url":"https:\/\/koinonia.org.br\/en\/legal-advisory\/","name":"Legal Advisory - KOINONIA - EN","isPartOf":{"@id":"https:\/\/koinonia.org.br\/en\/#website"},"datePublished":"2025-11-26T22:17:41+00:00","dateModified":"2025-11-26T22:26:56+00:00","breadcrumb":{"@id":"https:\/\/koinonia.org.br\/en\/legal-advisory\/#breadcrumb"},"inLanguage":"en-US","potentialAction":[{"@type":"ReadAction","target":["https:\/\/koinonia.org.br\/en\/legal-advisory\/"]}]},{"@type":"BreadcrumbList","@id":"https:\/\/koinonia.org.br\/en\/legal-advisory\/#breadcrumb","itemListElement":[{"@type":"ListItem","position":1,"name":"Home","item":"https:\/\/koinonia.org.br\/en\/"},{"@type":"ListItem","position":2,"name":"Legal Advisory"}]},{"@type":"WebSite","@id":"https:\/\/koinonia.org.br\/en\/#website","url":"https:\/\/koinonia.org.br\/en\/","name":"KOINONIA - EN","description":"Presen\u00e7a Ecum\u00eanica e Servi\u00e7o","publisher":{"@id":"https:\/\/koinonia.org.br\/en\/#organization"},"potentialAction":[{"@type":"SearchAction","target":{"@type":"EntryPoint","urlTemplate":"https:\/\/koinonia.org.br\/en\/?s={search_term_string}"},"query-input":{"@type":"PropertyValueSpecification","valueRequired":true,"valueName":"search_term_string"}}],"inLanguage":"en-US"},{"@type":"Organization","@id":"https:\/\/koinonia.org.br\/en\/#organization","name":"KOINONIA - EN","url":"https:\/\/koinonia.org.br\/en\/","logo":{"@type":"ImageObject","inLanguage":"en-US","@id":"https:\/\/koinonia.org.br\/en\/#\/schema\/logo\/image\/","url":"https:\/\/koinonia.org.br\/en\/wp-content\/uploads\/sites\/3\/2024\/03\/koinonia_logo-kn-1-2.png","contentUrl":"https:\/\/koinonia.org.br\/en\/wp-content\/uploads\/sites\/3\/2024\/03\/koinonia_logo-kn-1-2.png","width":270,"height":88,"caption":"KOINONIA - EN"},"image":{"@id":"https:\/\/koinonia.org.br\/en\/#\/schema\/logo\/image\/"}}]}},"_links":{"self":[{"href":"https:\/\/koinonia.org.br\/en\/wp-json\/wp\/v2\/pages\/423","targetHints":{"allow":["GET"]}}],"collection":[{"href":"https:\/\/koinonia.org.br\/en\/wp-json\/wp\/v2\/pages"}],"about":[{"href":"https:\/\/koinonia.org.br\/en\/wp-json\/wp\/v2\/types\/page"}],"author":[{"embeddable":true,"href":"https:\/\/koinonia.org.br\/en\/wp-json\/wp\/v2\/users\/4"}],"replies":[{"embeddable":true,"href":"https:\/\/koinonia.org.br\/en\/wp-json\/wp\/v2\/comments?post=423"}],"version-history":[{"count":4,"href":"https:\/\/koinonia.org.br\/en\/wp-json\/wp\/v2\/pages\/423\/revisions"}],"predecessor-version":[{"id":428,"href":"https:\/\/koinonia.org.br\/en\/wp-json\/wp\/v2\/pages\/423\/revisions\/428"}],"wp:attachment":[{"href":"https:\/\/koinonia.org.br\/en\/wp-json\/wp\/v2\/media?parent=423"}],"curies":[{"name":"wp","href":"https:\/\/api.w.org\/{rel}","templated":true}]}}