{"id":819,"date":"2021-09-10T20:00:06","date_gmt":"2021-09-10T23:00:06","guid":{"rendered":"https:\/\/kn.org.br\/amazonia\/?page_id=819"},"modified":"2021-09-10T20:00:10","modified_gmt":"2021-09-10T23:00:10","slug":"politica-de-privacidade-2","status":"publish","type":"page","link":"https:\/\/koinonia.org.br\/amazonia\/politica-de-privacidade-2\/","title":{"rendered":"Pol\u00edtica de Privacidade"},"content":{"rendered":"\n<p><strong>Pol\u00edtica de privacidade de KOINONIA Presen\u00e7a Ecum\u00eanica e Servi\u00e7o<\/strong><\/p>\n\n\n\n<p><strong>Quem somos<\/strong><\/p>\n\n\n\n<p>KOINONIA Presen\u00e7a Ecum\u00eanica e Servi\u00e7o \u00e9 uma organiza\u00e7\u00e3o sediada no Rio de Janeiro (RJ), com atua\u00e7\u00e3o nacional e internacional, fundada em 1994.<\/p>\n\n\n\n<p>\u00c9 uma entidade ecum\u00eanica composta por pessoas de diferentes tradi\u00e7\u00f5es religiosas, reunidas em associa\u00e7\u00e3o civil sem fins lucrativos, que integra o movimento ecum\u00eanico e presta servi\u00e7os ao movimento social.<\/p>\n\n\n\n<p>A miss\u00e3o de KOINONIA \u00e9 mobilizar a solidariedade ecum\u00eanica e prestar servi\u00e7os a grupos hist\u00f3rica e culturalmente vulner\u00e1veis e em processo de emancipa\u00e7\u00e3o social e pol\u00edtica; al\u00e9m de promover o ecumenismo e seus valores libert\u00e1rios.<\/p>\n\n\n\n<p>Conhe\u00e7a KOINONIA: <a href=\"https:\/\/koinonia.org.br\/quem-somos\/sobre-koinonia\">https:\/\/koinonia.org.br\/quem-somos\/sobre-koinonia<\/a><\/p>\n\n\n\n<p><strong>Objetivo da Pol\u00edtica de Privacidade<\/strong><\/p>\n\n\n\n<p>KOINONIA respeita seu direito \u00e0 confidencialidade. A instiui\u00e7\u00e3o garante que em hip\u00f3tese alguma haver\u00e1 comercializa\u00e7\u00e3o, compartilhamento ou divulga\u00e7\u00e3o dos dados pessoais cadastrados. Todos os dados registrados e armazenados s\u00e3o utilizados para desenvolvimento das iniciativas da entidade e para comunica\u00e7\u00e3o sobre as atividades.<\/p>\n\n\n\n<p>A privacidade e seguran\u00e7a dos dados do usu\u00e1rio do site \u00e9 importante para KOINONIA, e a organiza\u00e7\u00e3o est\u00e1 comprometida em salvaguard\u00e1-los. Esta pol\u00edtica de privacidade ir\u00e1 informar sobre a forma como cuidamos de seus dados pessoais e seus direitos de privacidade, conforme a Lei geral de Prote\u00e7\u00e3o de Dados \u2013 LGPD (Lei n\u00ba 13.709).<\/p>\n\n\n\n<p><strong>Quais dados pessoais s\u00e3o coletados &nbsp;<\/strong><\/p>\n\n\n\n<p>Os seguintes tipos de dados pessoais podem ser coletados, armazenados e usados:<\/p>\n\n\n\n<ul><li>Endere\u00e7o de e-mail<\/li><li>Nome e sobrenome<\/li><li>N\u00famero de telefone<\/li><li>Dados baseados em localiza\u00e7\u00e3o (informa\u00e7\u00f5es geogr\u00e1ficas e dados geoespaciais)<\/li><li>Dados de Uso (n\u00famero de cliques no site, nomes de dom\u00ednio, p\u00e1ginas iniciais, p\u00e1ginas e conte\u00fado visualizados e a ordem dessas p\u00e1ginas, o tempo gasto em p\u00e1ginas espec\u00edficas, a data e hor\u00e1rio em que usou os servi\u00e7os, a frequ\u00eancia de uso e endere\u00e7o de IP.)<\/li><\/ul>\n\n\n\n<p>Em caso de informar dados pessoais de terceiros, deve obter o consentimento dessa pessoa para a divulga\u00e7\u00e3o e o processamento desses dados de acordo com esta pol\u00edtica.<\/p>\n\n\n\n<p><strong>Cookies<\/strong><\/p>\n\n\n\n<p>O site de KOINONIA utiliza <em>cookies<\/em> para melhorar o desempenho e aprimorar a sua experi\u00eancia de navega\u00e7\u00e3o.<\/p>\n\n\n\n<p><em>Cookies<\/em> s\u00e3o considerados arquivos de texto ou imagem disponibilizados em sites e armazenados em dispositivos utilizados pelos usu\u00e1rios.<\/p>\n\n\n\n<p><strong>Como os dados s\u00e3o armazenados<\/strong><\/p>\n\n\n\n<p>KOINONIA estabelece as seguintes medidas de seguran\u00e7a para o armazenamento e prote\u00e7\u00e3o dos seus dados pessoais:<\/p>\n\n\n\n<ul><li>Firewalls: primeira linha de defesa no sistema, filtrando toda a informa\u00e7\u00e3o que chega, garantindo sua seguran\u00e7a;<\/li><li>WAF (Web Application Firewall): filtra, monitora e bloqueia o tr\u00e1fego HTTP, evitando ataques decorrentes de falhas de seguran\u00e7a;<\/li><li>DLP (Data Loss Prevention): detecta poss\u00edveis viola\u00e7\u00f5es de dados;<\/li><li>Revis\u00e3o peri\u00f3dica das permiss\u00f5es e acessos aos dados: monitoramento de atividades (revogar acesso, verificar e eliminar dados obsoletos para arquivamento ou descarte);<\/li><li>Backup de dados: c\u00f3pia de seguran\u00e7a dos dados;<\/li><li>Controles f\u00edsicos e de acesso aos ambientes: gerencia fluxo de pessoas e visa proibir ou dificultar o acesso;<\/li><li>Prote\u00e7\u00e3o contra v\u00edrus e malwares;<\/li><li>Plano de Recupera\u00e7\u00e3o de desastres: um dos objetivos \u00e9 garantir o n\u00edvel de seguran\u00e7a;<\/li><li>Ambientes de alta disponibilidade: um dos aspectos \u00e9 seguran\u00e7a de dados;<\/li><li>Criptografia (HTTPS): endere\u00e7os HTTPS a informa\u00e7\u00e3o \u00e9 criptograda (codificada), ampliando a seguran\u00e7a dos dados.<\/li><\/ul>\n\n\n\n<p><strong>Formul\u00e1rio de contato<\/strong><\/p>\n\n\n\n<p>KOINONIA utiliza um m\u00f3dulo de extens\u00e3o da empresa Locaweb para coleta de dados do formul\u00e1rio de contato com usu\u00e1rios e o <em>Mailchimp<\/em> para e-mail marketing, notifica\u00e7\u00f5es de atividades e iniciativas. As duas empresas apresentam pol\u00edticas de prote\u00e7\u00e3o de dados pessoais, que podem ser conferidas atrav\u00e9s dos links abaixo.<\/p>\n\n\n\n<p>Locaweb: <a href=\"https:\/\/www.locaweb.com.br\/politicas\/\">https:\/\/www.locaweb.com.br\/politicas\/<\/a><\/p>\n\n\n\n<p>Mailchimp: <a href=\"https:\/\/mailchimp.com\/pt-br\/help\/lgpd-faq\/\">https:\/\/mailchimp.com\/pt-br\/help\/lgpd-faq\/<\/a><\/p>\n\n\n\n<p><strong>Dados anal\u00edticos<\/strong><\/p>\n\n\n\n<p>KOINONIA usa prestadores de servi\u00e7os terceirizados para monitorar e analisar o uso do site, como o <em>Google Analytics<\/em>:<\/p>\n\n\n\n<p>O <em>Google Analytics<\/em> \u00e9 um servi\u00e7o de an\u00e1lise da web oferecido pelo Google, que rastreia e relata o tr\u00e1fego do website. O <em>Google<\/em> utiliza os dados coletados para rastrear e monitorar o uso do servi\u00e7o.<\/p>\n\n\n\n<p>Para mais informa\u00e7\u00f5es: <a href=\"https:\/\/policies.google.com\/privacy?hl=pt\">https:\/\/policies.google.com\/privacy?hl=pt<\/a><\/p>\n\n\n\n<p><strong>Uso dos dados pessoais<\/strong><\/p>\n\n\n\n<p>Os dados pessoais enviados por meio do site ser\u00e3o utilizados exclusivamente para alcan\u00e7ar as finalidades para as quais foram coletados.<\/p>\n\n\n\n<p>KOINONIA poder\u00e1 usar seus dados pessoais para:<\/p>\n\n\n\n<ul><li>Notifica\u00e7\u00e3o sobre eventos<\/li><li>Notifica\u00e7\u00e3o sobre produtos<\/li><li>Notifica\u00e7\u00e3o sobre projetos<\/li><li>An\u00e1lises ou informa\u00e7\u00f5es para melhorar o servi\u00e7o<\/li><\/ul>\n\n\n\n<p><strong>Com quem s\u00e3o partilhados os seus dados pessoais<\/strong><\/p>\n\n\n\n<p>KOINONIA garante que seus dados pessoais ser\u00e3o tratados de forma segura e de acordo com esta Pol\u00edtica de Privacidade, nenhuma transfer\u00eancia ocorrer\u00e1 para terceiros (nacional ou estrangeiro).<\/p>\n\n\n\n<p><strong>Reten\u00e7\u00e3o de dados<\/strong><\/p>\n\n\n\n<p>KOINONIA ir\u00e1 armazenar seus dados pessoais o tempo necess\u00e1rio para finalizar as a\u00e7\u00f5es para as quais eles que foram coletados. Caso queira deletar os dados, entre em contato: <a href=\"mailto:koinonia@koinonia.org.br\">koinonia@koinonia.org.br<\/a>.<\/p>\n\n\n\n<p>Em alguns casos, KOINONIA pode tornar os dados anonimizados, transformando o dado que era originariamente vinculado a uma pessoa, mas que passou por etapas que garante a desvincula\u00e7\u00e3o dele a essa pessoa, impossibilitando a sua identifica\u00e7\u00e3o.<\/p>\n\n\n\n<p><strong><em>Websites<\/em><\/strong><strong> de terceiros<\/strong><\/p>\n\n\n\n<p>O site de KOINONIA apresenta links de sites de terceiros, mas n\u00e3o se responsabiliza ou controla as pol\u00edticas de privacidade desses sites, sendo a responsabilidade de controle \u00fanica e exclusivamente dos propriet\u00e1rios dos links.<\/p>\n\n\n\n<p><strong>Seus direitos<\/strong><\/p>\n\n\n\n<p>Voc\u00ea tem os seguintes direitos em rela\u00e7\u00e3o aos seus dados pessoais conforme a Lei geral de Prote\u00e7\u00e3o de Dados \u2013 LGPD Lei n\u00ba 13.709:<\/p>\n\n\n\n<ul><li>Solicitar o acesso aos seus dados pessoais;<\/li><li>Alterar seus dados pessoais;<\/li><li>Deletar seus dados pessoais;<\/li><li>Anonimiza\u00e7\u00e3o, bloqueio ou elimina\u00e7\u00e3o de dados desnecess\u00e1rios;<\/li><li>Informa\u00e7\u00e3o das entidades p\u00fablicas e privadas com as quais o controlador realizou uso compartilhado de dados;<\/li><li>Possibilidade de n\u00e3o fornecer consentimento;<\/li><li>Retirar seu consetimento.<\/li><\/ul>\n\n\n\n<p>Para qualquer soliticita\u00e7\u00e3o, entre em contato: <a href=\"mailto:koinonia@koinonia.org.br\">koinonia@koinonia.org.br<\/a>.<\/p>\n\n\n\n<p><strong>Contato<\/strong><\/p>\n\n\n\n<p>Para maiores esclarecimentos sobre pol\u00edtica de privacidade de KOINONIA, entre em contato: <a href=\"mailto:koinonia@koinonia.org.br\">koinonia@koinonia.org.br<\/a>.<\/p>\n\n\n\n<p><strong>Altera\u00e7\u00f5es<\/strong><\/p>\n\n\n\n<p>KOINONIA pode atualizar esta pol\u00edtica, publicando uma nova vers\u00e3o no site institucional.<\/p>\n\n\n\n<p>\u00daltima atualiza\u00e7\u00e3o: 29\/07\/2021<\/p>\n","protected":false},"excerpt":{"rendered":"<p>Pol\u00edtica de privacidade de KOINONIA Presen\u00e7a Ecum\u00eanica e Servi\u00e7o Quem somos KOINONIA Presen\u00e7a Ecum\u00eanica e Servi\u00e7o \u00e9 uma organiza\u00e7\u00e3o sediada no Rio de Janeiro (RJ), com atua\u00e7\u00e3o nacional e internacional, fundada em 1994. \u00c9 uma entidade ecum\u00eanica composta por pessoas de diferentes tradi\u00e7\u00f5es religiosas, reunidas em associa\u00e7\u00e3o civil sem fins lucrativos, que integra o movimento&hellip;<\/p>\n","protected":false},"author":1,"featured_media":0,"parent":0,"menu_order":0,"comment_status":"closed","ping_status":"closed","template":"","meta":{"_monsterinsights_skip_tracking":false,"_monsterinsights_sitenote_active":false,"_monsterinsights_sitenote_note":"","_monsterinsights_sitenote_category":0,"spay_email":""},"yoast_head":"<!-- This site is optimized with the Yoast SEO plugin v17.3 - https:\/\/yoast.com\/wordpress\/plugins\/seo\/ -->\n<title>Pol\u00edtica de Privacidade - Di\u00e1logo Ecum\u00eanico e Interreligioso pela Amaz\u00f4nia<\/title>\n<meta name=\"robots\" content=\"index, follow, max-snippet:-1, max-image-preview:large, max-video-preview:-1\" \/>\n<link rel=\"canonical\" href=\"https:\/\/koinonia.org.br\/amazonia\/politica-de-privacidade-2\/\" \/>\n<meta property=\"og:locale\" content=\"pt_BR\" \/>\n<meta property=\"og:type\" content=\"article\" \/>\n<meta property=\"og:title\" content=\"Pol\u00edtica de Privacidade - Di\u00e1logo Ecum\u00eanico e Interreligioso pela Amaz\u00f4nia\" \/>\n<meta property=\"og:description\" content=\"Pol\u00edtica de privacidade de KOINONIA Presen\u00e7a Ecum\u00eanica e Servi\u00e7o Quem somos KOINONIA Presen\u00e7a Ecum\u00eanica e Servi\u00e7o \u00e9 uma organiza\u00e7\u00e3o sediada no Rio de Janeiro (RJ), com atua\u00e7\u00e3o nacional e internacional, fundada em 1994. \u00c9 uma entidade ecum\u00eanica composta por pessoas de diferentes tradi\u00e7\u00f5es religiosas, reunidas em associa\u00e7\u00e3o civil sem fins lucrativos, que integra o movimento&hellip;\" \/>\n<meta property=\"og:url\" content=\"https:\/\/koinonia.org.br\/amazonia\/politica-de-privacidade-2\/\" \/>\n<meta property=\"og:site_name\" content=\"Di\u00e1logo Ecum\u00eanico e Interreligioso pela Amaz\u00f4nia\" \/>\n<meta property=\"article:modified_time\" content=\"2021-09-10T23:00:10+00:00\" \/>\n<meta name=\"twitter:card\" content=\"summary_large_image\" \/>\n<meta name=\"twitter:label1\" content=\"Est. tempo de leitura\" \/>\n\t<meta name=\"twitter:data1\" content=\"5 minutos\" \/>\n<script type=\"application\/ld+json\" class=\"yoast-schema-graph\">{\"@context\":\"https:\/\/schema.org\",\"@graph\":[{\"@type\":\"WebSite\",\"@id\":\"https:\/\/koinonia.org.br\/amazonia\/#website\",\"url\":\"https:\/\/koinonia.org.br\/amazonia\/\",\"name\":\"Di\\u00e1logo Ecum\\u00eanico e Interreligioso pela Amaz\\u00f4nia\",\"description\":\"Visando fortalecer iniciativas ecum\\u00eanicas e interreligiosas pela dignidade humana\",\"potentialAction\":[{\"@type\":\"SearchAction\",\"target\":{\"@type\":\"EntryPoint\",\"urlTemplate\":\"https:\/\/koinonia.org.br\/amazonia\/?s={search_term_string}\"},\"query-input\":\"required name=search_term_string\"}],\"inLanguage\":\"pt-BR\"},{\"@type\":\"WebPage\",\"@id\":\"https:\/\/koinonia.org.br\/amazonia\/politica-de-privacidade-2\/#webpage\",\"url\":\"https:\/\/koinonia.org.br\/amazonia\/politica-de-privacidade-2\/\",\"name\":\"Pol\\u00edtica de Privacidade - Di\\u00e1logo Ecum\\u00eanico e Interreligioso pela Amaz\\u00f4nia\",\"isPartOf\":{\"@id\":\"https:\/\/koinonia.org.br\/amazonia\/#website\"},\"datePublished\":\"2021-09-10T23:00:06+00:00\",\"dateModified\":\"2021-09-10T23:00:10+00:00\",\"breadcrumb\":{\"@id\":\"https:\/\/koinonia.org.br\/amazonia\/politica-de-privacidade-2\/#breadcrumb\"},\"inLanguage\":\"pt-BR\",\"potentialAction\":[{\"@type\":\"ReadAction\",\"target\":[\"https:\/\/koinonia.org.br\/amazonia\/politica-de-privacidade-2\/\"]}]},{\"@type\":\"BreadcrumbList\",\"@id\":\"https:\/\/koinonia.org.br\/amazonia\/politica-de-privacidade-2\/#breadcrumb\",\"itemListElement\":[{\"@type\":\"ListItem\",\"position\":1,\"name\":\"In\\u00edcio\",\"item\":\"https:\/\/koinonia.org.br\/amazonia\/\"},{\"@type\":\"ListItem\",\"position\":2,\"name\":\"Pol\\u00edtica de Privacidade\"}]}]}<\/script>\n<!-- \/ Yoast SEO plugin. -->","yoast_head_json":{"title":"Pol\u00edtica de Privacidade - Di\u00e1logo Ecum\u00eanico e Interreligioso pela Amaz\u00f4nia","robots":{"index":"index","follow":"follow","max-snippet":"max-snippet:-1","max-image-preview":"max-image-preview:large","max-video-preview":"max-video-preview:-1"},"canonical":"https:\/\/koinonia.org.br\/amazonia\/politica-de-privacidade-2\/","og_locale":"pt_BR","og_type":"article","og_title":"Pol\u00edtica de Privacidade - Di\u00e1logo Ecum\u00eanico e Interreligioso pela Amaz\u00f4nia","og_description":"Pol\u00edtica de privacidade de KOINONIA Presen\u00e7a Ecum\u00eanica e Servi\u00e7o Quem somos KOINONIA Presen\u00e7a Ecum\u00eanica e Servi\u00e7o \u00e9 uma organiza\u00e7\u00e3o sediada no Rio de Janeiro (RJ), com atua\u00e7\u00e3o nacional e internacional, fundada em 1994. \u00c9 uma entidade ecum\u00eanica composta por pessoas de diferentes tradi\u00e7\u00f5es religiosas, reunidas em associa\u00e7\u00e3o civil sem fins lucrativos, que integra o movimento&hellip;","og_url":"https:\/\/koinonia.org.br\/amazonia\/politica-de-privacidade-2\/","og_site_name":"Di\u00e1logo Ecum\u00eanico e Interreligioso pela Amaz\u00f4nia","article_modified_time":"2021-09-10T23:00:10+00:00","twitter_card":"summary_large_image","twitter_misc":{"Est. tempo de leitura":"5 minutos"},"schema":{"@context":"https:\/\/schema.org","@graph":[{"@type":"WebSite","@id":"https:\/\/koinonia.org.br\/amazonia\/#website","url":"https:\/\/koinonia.org.br\/amazonia\/","name":"Di\u00e1logo Ecum\u00eanico e Interreligioso pela Amaz\u00f4nia","description":"Visando fortalecer iniciativas ecum\u00eanicas e interreligiosas pela dignidade humana","potentialAction":[{"@type":"SearchAction","target":{"@type":"EntryPoint","urlTemplate":"https:\/\/koinonia.org.br\/amazonia\/?s={search_term_string}"},"query-input":"required name=search_term_string"}],"inLanguage":"pt-BR"},{"@type":"WebPage","@id":"https:\/\/koinonia.org.br\/amazonia\/politica-de-privacidade-2\/#webpage","url":"https:\/\/koinonia.org.br\/amazonia\/politica-de-privacidade-2\/","name":"Pol\u00edtica de Privacidade - Di\u00e1logo Ecum\u00eanico e Interreligioso pela Amaz\u00f4nia","isPartOf":{"@id":"https:\/\/koinonia.org.br\/amazonia\/#website"},"datePublished":"2021-09-10T23:00:06+00:00","dateModified":"2021-09-10T23:00:10+00:00","breadcrumb":{"@id":"https:\/\/koinonia.org.br\/amazonia\/politica-de-privacidade-2\/#breadcrumb"},"inLanguage":"pt-BR","potentialAction":[{"@type":"ReadAction","target":["https:\/\/koinonia.org.br\/amazonia\/politica-de-privacidade-2\/"]}]},{"@type":"BreadcrumbList","@id":"https:\/\/koinonia.org.br\/amazonia\/politica-de-privacidade-2\/#breadcrumb","itemListElement":[{"@type":"ListItem","position":1,"name":"In\u00edcio","item":"https:\/\/koinonia.org.br\/amazonia\/"},{"@type":"ListItem","position":2,"name":"Pol\u00edtica de Privacidade"}]}]}},"_links":{"self":[{"href":"https:\/\/koinonia.org.br\/amazonia\/wp-json\/wp\/v2\/pages\/819"}],"collection":[{"href":"https:\/\/koinonia.org.br\/amazonia\/wp-json\/wp\/v2\/pages"}],"about":[{"href":"https:\/\/koinonia.org.br\/amazonia\/wp-json\/wp\/v2\/types\/page"}],"author":[{"embeddable":true,"href":"https:\/\/koinonia.org.br\/amazonia\/wp-json\/wp\/v2\/users\/1"}],"replies":[{"embeddable":true,"href":"https:\/\/koinonia.org.br\/amazonia\/wp-json\/wp\/v2\/comments?post=819"}],"version-history":[{"count":1,"href":"https:\/\/koinonia.org.br\/amazonia\/wp-json\/wp\/v2\/pages\/819\/revisions"}],"predecessor-version":[{"id":820,"href":"https:\/\/koinonia.org.br\/amazonia\/wp-json\/wp\/v2\/pages\/819\/revisions\/820"}],"wp:attachment":[{"href":"https:\/\/koinonia.org.br\/amazonia\/wp-json\/wp\/v2\/media?parent=819"}],"curies":[{"name":"wp","href":"https:\/\/api.w.org\/{rel}","templated":true}]}}